{"id":2,"date":"2019-08-22T18:13:40","date_gmt":"2019-08-22T18:13:40","guid":{"rendered":"https:\/\/sere-solarii.ro\/?page_id=2"},"modified":"2022-01-25T20:50:24","modified_gmt":"2022-01-25T18:50:24","slug":"sample-page","status":"publish","type":"page","link":"https:\/\/sere-solarii.ro\/","title":{"rendered":"Sere si solarii profesionale &#8211; Ecosistemul perfect pentru culturi perfecte"},"content":{"rendered":"<p>[vc_row full_width=&#8221;stretch_row_content_no_spaces&#8221; bg_type=&#8221;video&#8221; video_url=&#8221;https:\/\/sere-solarii.ro\/wp-content\/uploads\/2019\/09\/lucchini-video-drone-home-web-2017.mp4&#8243; video_url_2=&#8221;https:\/\/sere-solarii.ro\/wp-content\/uploads\/2019\/09\/lucchini-video-drone-home-web-2017.mp4&#8243; video_opts=&#8221;loop,muted,auto_play&#8221; el_id=&#8221;description&#8221; css=&#8221;.vc_custom_1568260474099{margin-top: 0px !important;margin-right: 0px !important;margin-bottom: 0px !important;margin-left: 0px !important;padding-top: 90px !important;padding-right: 0px !important;padding-bottom: 0px !important;padding-left: 0px !important;background-image: url(https:\/\/sere-solarii.ro\/wp-content\/uploads\/2019\/09\/sere_tip_tunel_sere-solarii-28.jpg?id=140) !important;background-position: center !important;background-repeat: no-repeat !important;background-size: cover !important;}&#8221;][vc_column][vc_row_inner equal_height=&#8221;yes&#8221; content_placement=&#8221;middle&#8221; el_class=&#8221;container ez_boxed&#8221;][vc_column_inner width=&#8221;1\/2&#8243; css=&#8221;.vc_custom_1567363539459{padding-top: 120px !important;padding-bottom: 120px !important;}&#8221;][vc_custom_heading text=&#8221;SERE SI SOLARII&#8221; font_container=&#8221;tag:h1|text_align:left|color:%23ffffff&#8221; use_theme_fonts=&#8221;yes&#8221;][vc_custom_heading text=&#8221;ecosistemul perfect pentru culturi perfecte&#8221; font_container=&#8221;tag:h4|text_align:left|color:%23ffffff&#8221; use_theme_fonts=&#8221;yes&#8221;][vc_column_text el_class=&#8221;txt_about lead txt-justify&#8221; css=&#8221;.vc_custom_1567538188644{padding-right: 28px !important;}&#8221;]Sere si solarii pentru agricultur\u0103 \u0219i floricultur\u0103 cu tehnologii care ajuta la dezvoltarea culturilor indiferent de mediul exterior.<br \/>\nDotate cu instala\u021bii de ultim\u0103 genera\u021bie, permite produc\u021bia continu\u0103 indiferent de sezon\/anotimp.[\/vc_column_text][\/vc_column_inner][vc_column_inner width=&#8221;1\/2&#8243; css=&#8221;.vc_custom_1567402560834{padding-top: 90px !important;padding-bottom: 150px !important;}&#8221;][\/vc_column_inner][\/vc_row_inner][vc_raw_html css=&#8221;.vc_custom_1567363042101{margin-top: 0px !important;margin-right: 0px !important;margin-bottom: 0px !important;margin-left: 0px !important;padding-top: 0px !important;padding-right: 0px !important;padding-bottom: 0px !important;padding-left: 0px !important;}.ts-hosted-video-bg video{max-width: unset!important}.ts-video-bg.playing:before{opacity:0.5 !important}&#8221;][\/vc_raw_html][\/vc_column][\/vc_row][vc_row full_width=&#8221;stretch_row_content_no_spaces&#8221; el_id=&#8221;despre_noi&#8221; css=&#8221;.vc_custom_1567950101043{margin-top: 0px !important;margin-right: 0px !important;margin-bottom: 0px !important;margin-left: 0px !important;padding-top: 0px !important;padding-right: 0px !important;padding-bottom: 0px !important;padding-left: 0px !important;}&#8221;][vc_column css=&#8221;.vc_custom_1567656228100{padding-top: 65px !important;padding-bottom: 65px !important;}&#8221;][vc_row_inner equal_height=&#8221;yes&#8221; content_placement=&#8221;middle&#8221; css=&#8221;.vc_custom_1567656215164{margin-top: 0px !important;margin-right: 0px !important;margin-bottom: 0px !important;margin-left: 0px !important;padding-top: 0px !important;padding-bottom: 0px !important;}&#8221; el_class=&#8221;container ez_boxed&#8221;][vc_column_inner css=&#8221;.vc_custom_1567656208508{margin-top: 0px !important;margin-bottom: 0px !important;padding-top: 0px !important;padding-bottom: 0px !important;}&#8221;][vc_custom_heading text=&#8221;Sere si solarii productive&#8221; font_container=&#8221;tag:h2|font_size:38px|text_align:center|color:%23000000|line_height:normal&#8221; use_theme_fonts=&#8221;yes&#8221; css=&#8221;.vc_custom_1567654602688{padding-top: 32px !important;}&#8221; el_class=&#8221;txt_upper&#8221;][vc_custom_heading text=&#8221;Proiect\u0103m \u0219i producem sere si solarii celor care cred cu t\u0103rie c\u0103 evolu\u021bia tehnologic\u0103 duce la cre\u0219terea afacerii lor.&#8221; font_container=&#8221;tag:h3|font_size:18px|text_align:center|color:%23000000|line_height:normal&#8221; google_fonts=&#8221;font_family:Roboto%20Condensed%3A300%2C300italic%2Cregular%2Citalic%2C700%2C700italic|font_style:400%20regular%3A400%3Anormal&#8221; css=&#8221;.vc_custom_1567621551688{padding-bottom: 15px !important;}&#8221;][\/vc_column_inner][\/vc_row_inner][vc_row_inner equal_height=&#8221;yes&#8221; content_placement=&#8221;middle&#8221; css=&#8221;.vc_custom_1567656220860{margin-top: 0px !important;margin-right: 0px !important;margin-bottom: 0px !important;margin-left: 0px !important;padding-top: 0px !important;padding-bottom: 0px !important;}&#8221; el_class=&#8221;container ez_boxed&#8221;][vc_column_inner width=&#8221;1\/2&#8243;][vc_column_text el_class=&#8221;txt_black txt-justify&#8221; css=&#8221;.vc_custom_1567569853419{padding-top: 15px !important;padding-bottom: 15px !important;}&#8221;]Serele noastre sunt proiectate \u0219i construite pentru orice tip de ferma din \u00eentreaga tara, datorit\u0103 experien\u021bei noastre puternice \u00een acest sector \u0219i c\u0103ut\u0103rii continue a solu\u021biilor inovatoare \u0219i avansate din punct de vedere tehnologic orice tip de sera va creste productia oricarei culturi.<\/p>\n<p>Oferim proiecte la cheie, montate de echipa noastr\u0103 specializat\u0103 care ofera solu\u021bii pentru orice tip de cultura de la tipul de sera pe care sa il folositi p\u00e2n\u0103 la cele mai mici detalii.<\/p>\n<p>Datorita designului si tehnologiei am atins un nivel foarte ridicat de calitate \u0219i eficien\u021b\u0103 care va satisface mereu nevoile clientului, atat prin productie marita dar si prin usurinta de folosire a serelor si solariilor folosite de noi. Acest lucru asigur\u0103 nivelul maxim de satisfac\u021bie al tuturor clien\u021bilor no\u0219tri.[\/vc_column_text][\/vc_column_inner][vc_column_inner width=&#8221;1\/2&#8243; css=&#8221;.vc_custom_1567656342852{background-image: url(https:\/\/sere-solarii.ro\/wp-content\/uploads\/2019\/09\/anteprima-2017.jpg?id=47) !important;background-position: center !important;background-repeat: no-repeat !important;background-size: cover !important;}&#8221;]\n<div class=\"ezra_ja_play_btn\">\t\n\t<a href=\"https:\/\/www.youtube.com\/watch?v=86bcQr9lx8M\" class=\"video\" style=\"background-color: #000000; \" data-toggle=\"modal\" data-target=\"#video-popup\">\n\t\t<i class=\"pe-7s-play\" style=\"color: #ffffff;\"><\/i>\n\t<\/a>\n<\/div>\n\n[\/vc_column_inner][\/vc_row_inner][\/vc_column][\/vc_row][vc_row full_width=&#8221;stretch_row_content_no_spaces&#8221; css=&#8221;.vc_custom_1567717418870{margin-top: 0px !important;margin-right: 0px !important;margin-bottom: 0px !important;margin-left: 0px !important;background-color: #fcfaf7 !important;}&#8221;][vc_column css=&#8221;.vc_custom_1567570267214{padding-top: 64px !important;padding-bottom: 64px !important;}&#8221;][vc_row_inner equal_height=&#8221;yes&#8221; el_class=&#8221;icon_tech container ez_boxed&#8221;][vc_column_inner width=&#8221;1\/4&#8243; offset=&#8221;vc_col-xs-6&#8243;]\n<div class=\"single-feature  icon_pwr\">\t\n\t\n\t<div class=\"feature-icon\">\n\t\t\t<div class=\"icon-shape\" style=\" \">\n\t\t\t<i class=\"flaticon-water-1\" style=\"color: #005424;\"><\/i>\n\t\t<\/div>\n\t\t<\/div>\n\t<div class=\"feature-content\">\n\t\t<h5>IRIGATIE<\/h5>\t\t<p>control automat\/programat al sistemului de irigatie<\/p>\t<\/div>\n\t\n<\/div>\n\n[\/vc_column_inner][vc_column_inner width=&#8221;1\/4&#8243; offset=&#8221;vc_col-xs-6&#8243;]\n<div class=\"single-feature  icon_pwr\">\t\n\t\n\t<div class=\"feature-icon\">\n\t\t\t<div class=\"icon-shape\" style=\" \">\n\t\t\t<i class=\"flaticon-water\" style=\"color: #005424;\"><\/i>\n\t\t<\/div>\n\t\t<\/div>\n\t<div class=\"feature-content\">\n\t\t<h5>APA<\/h5>\t\t<p>alimentare cu apa in regim retea sau independent<\/p>\t<\/div>\n\t\n<\/div>\n\n[\/vc_column_inner][vc_column_inner width=&#8221;1\/4&#8243; offset=&#8221;vc_col-xs-6&#8243;]\n<div class=\"single-feature  icon_pwr\">\t\n\t\n\t<div class=\"feature-icon\">\n\t\t\t<div class=\"icon-shape\" style=\" \">\n\t\t\t<i class=\"flaticon-fan\" style=\"color: #005424;\"><\/i>\n\t\t<\/div>\n\t\t<\/div>\n\t<div class=\"feature-content\">\n\t\t<h5>CLIMATIZARE<\/h5>\t\t<p>control al sistemului de aer pentru reglarea conditiilor de mediu<\/p>\t<\/div>\n\t\n<\/div>\n\n[\/vc_column_inner][vc_column_inner width=&#8221;1\/4&#8243; offset=&#8221;vc_col-xs-6&#8243;]\n<div class=\"single-feature  icon_pwr\">\t\n\t\n\t<div class=\"feature-icon\">\n\t\t\t<div class=\"icon-shape\" style=\" \">\n\t\t\t<i class=\"flaticon-water-tank\" style=\"color: #005424;\"><\/i>\n\t\t<\/div>\n\t\t<\/div>\n\t<div class=\"feature-content\">\n\t\t<h5>REZERVOR APA<\/h5>\t\t<p>control al sistemului de aer pentru reglarea conditiilor de mediu<\/p>\t<\/div>\n\t\n<\/div>\n\n[\/vc_column_inner][\/vc_row_inner][\/vc_column][\/vc_row][vc_row full_width=&#8221;stretch_row_content_no_spaces&#8221; el_id=&#8221;dece_noi&#8221; css=&#8221;.vc_custom_1567709729165{margin-top: 0px !important;margin-right: 0px !important;margin-bottom: 0px !important;margin-left: 0px !important;padding-top: 0px !important;padding-right: 0px !important;padding-bottom: 0px !important;padding-left: 0px !important;background-color: #ffffff !important;}&#8221;][vc_column css=&#8221;.vc_custom_1567707907869{margin-top: 0px !important;margin-right: 0px !important;margin-bottom: 0px !important;margin-left: 0px !important;padding-top: 0px !important;padding-right: 0px !important;padding-bottom: 0px !important;padding-left: 0px !important;}&#8221;][vc_row_inner equal_height=&#8221;yes&#8221; content_placement=&#8221;middle&#8221; el_class=&#8221;container ez_boxed&#8221; css=&#8221;.vc_custom_1567707931638{margin-top: 0px !important;margin-right: 0px !important;margin-bottom: 0px !important;margin-left: 0px !important;padding-top: 0px !important;padding-right: 0px !important;padding-bottom: 0px !important;padding-left: 0px !important;}&#8221;][vc_column_inner el_class=&#8221;no-padding&#8221; width=&#8221;1\/3&#8243;][vc_custom_heading text=&#8221;De ce NOI?&#8221; font_container=&#8221;tag:h2|text_align:left|color:%23005424|line_height:normal&#8221; use_theme_fonts=&#8221;yes&#8221; css=&#8221;.vc_custom_1567709523910{padding-top: 32px !important;padding-right: 30px !important;padding-bottom: 32px !important;padding-left: 30px !important;}&#8221;][vc_column_text el_class=&#8221;txt-justify txt_black&#8221; css=&#8221;.vc_custom_1568224038059{padding-right: 30px !important;padding-left: 30px !important;}&#8221;]Pentru ca folosim cele mai avansate tehnologii in constructia serelor si solariilor produse si vandute de noi. Folosim tehnologie de ultima generatie incepand de la materia prima pana la sistemlee de irigare \u0219i \u00eenc\u0103lzire.<\/p>\n<p>Noi suntem capabili sa producem si sa livram sere de \u00eenalt\u0103 calitate si tehnologie, proiect\u0103m proiecte la cheie, acord\u00e2nd aten\u021bie obiectivelor clientului, respect\u00e2nd calitatea \u0219i inova\u021bia.[\/vc_column_text][\/vc_column_inner][vc_column_inner el_class=&#8221;no-padding&#8221; width=&#8221;2\/3&#8243;][vc_single_image image=&#8221;51&#8243; img_size=&#8221;large&#8221; alignment=&#8221;center&#8221; css=&#8221;.vc_custom_1567656904601{margin-top: 0px !important;margin-right: 0px !important;margin-bottom: 0px !important;margin-left: 0px !important;padding-top: 0px !important;padding-right: 0px !important;padding-bottom: 0px !important;padding-left: 0px !important;}&#8221;][\/vc_column_inner][\/vc_row_inner][vc_row_inner equal_height=&#8221;yes&#8221; content_placement=&#8221;middle&#8221; el_class=&#8221;container ez_boxed&#8221; css=&#8221;.vc_custom_1567709754212{margin-top: 0px !important;margin-right: 0px !important;margin-bottom: 0px !important;margin-left: 0px !important;padding-top: 0px !important;padding-right: 0px !important;padding-bottom: 0px !important;padding-left: 0px !important;background-color: #fcfaf7 !important;}&#8221;][vc_column_inner el_class=&#8221;no-padding&#8221; width=&#8221;1\/3&#8243; css=&#8221;.vc_custom_1567709471900{padding-top: 40px !important;padding-right: 30px !important;padding-bottom: 40px !important;padding-left: 30px !important;background-color: #005424 !important;}&#8221;][vc_custom_heading text=&#8221;Ce facem ?&#8221; font_container=&#8221;tag:h3|font_size:30px|text_align:left|line_height:normal&#8221; use_theme_fonts=&#8221;yes&#8221; css=&#8221;.vc_custom_1567943308913{padding-top: 32px !important;padding-bottom: 32px !important;}&#8221;][vc_column_text el_class=&#8221;txt-justify crem&#8221;]Departamentul nostru de produc\u021bie este dotat cu o instala\u021bie de ultim\u0103 genera\u021bie, care permite produc\u021bia continu\u0103 cu controlul calit\u0103\u021bii serilor \u0219i solariilor care sunt livrate \u0219i instalate \u00een \u00eentreaga lume.[\/vc_column_text][\/vc_column_inner][vc_column_inner width=&#8221;1\/3&#8243; css=&#8221;.vc_custom_1567708268093{padding-top: 40px !important;padding-bottom: 20px !important;padding-left: 30px !important;}&#8221;][vc_custom_heading text=&#8221;PRODUCEM&#8221; font_container=&#8221;tag:h4|font_size:30px|text_align:center|color:%23005424|line_height:normal&#8221; use_theme_fonts=&#8221;yes&#8221;][vc_column_text el_class=&#8221;txt-justify txt_black&#8221;]Departamentul nostru de produc\u021bie este dotat cu o instala\u021bie de ultim\u0103 genera\u021bie, care permite produc\u021bia continu\u0103 cu controlul calit\u0103\u021bii serilor \u0219i solariilor care sunt livrate \u0219i instalate \u00een \u00eentreaga lume.[\/vc_column_text][\/vc_column_inner][vc_column_inner width=&#8221;1\/3&#8243; css=&#8221;.vc_custom_1567709782053{padding-top: 40px !important;padding-right: 30px !important;padding-bottom: 20px !important;padding-left: 30px !important;}&#8221;][vc_custom_heading text=&#8221;VINDEM&#8221; font_container=&#8221;tag:h4|font_size:30px|text_align:center|color:%23005424|line_height:normal&#8221; use_theme_fonts=&#8221;yes&#8221;][vc_column_text el_class=&#8221;txt-justify txt_black&#8221;]<\/p>\n<p>Vindem sere si solarii pentru orice tip de ferma, datorita experien\u021bei noastre \u0219i c\u0103ut\u0103rii continue a solu\u021biilor inovatoare orice tip de sera sau solar poate fi montat urmand o schita, concept denumit <strong>&#8220;SERE la CHEIE&#8221;<\/strong><\/p>\n<p>[\/vc_column_text][\/vc_column_inner][\/vc_row_inner][vc_row_inner equal_height=&#8221;yes&#8221; content_placement=&#8221;middle&#8221; el_class=&#8221;container ez_boxed&#8221; css=&#8221;.vc_custom_1567709754212{margin-top: 0px !important;margin-right: 0px !important;margin-bottom: 0px !important;margin-left: 0px !important;padding-top: 0px !important;padding-right: 0px !important;padding-bottom: 0px !important;padding-left: 0px !important;background-color: #fcfaf7 !important;}&#8221;][vc_column_inner el_class=&#8221;no-padding&#8221; width=&#8221;2\/3&#8243; css=&#8221;.vc_custom_1567949611737{padding-top: 40px !important;padding-right: 30px !important;padding-bottom: 40px !important;padding-left: 30px !important;}&#8221;][vc_custom_heading text=&#8221;MONTAM \/ INSTALAM&#8221; font_container=&#8221;tag:h4|font_size:30px|text_align:center|color:%23005424|line_height:normal&#8221; use_theme_fonts=&#8221;yes&#8221;][vc_column_text el_class=&#8221;txt-justify txt_black&#8221;]Proiect\u0103m \u0219i producem dar nu numai atat, si <strong>MONTAM\/INSTALAM.\u00a0<\/strong>Echipa noastra de instalatori profesionisti va sta la dispozitie in orice moment oferint solutii fiabile, practice si productive fiecarui client.[\/vc_column_text][\/vc_column_inner][vc_column_inner width=&#8221;1\/3&#8243; css=&#8221;.vc_custom_1567949591840{padding-top: 40px !important;padding-right: 30px !important;padding-bottom: 20px !important;padding-left: 30px !important;background-color: #005424 !important;}&#8221;]\n<div class=\"single-feature  icon_intalare\">\t\n\t\n\t<div class=\"feature-icon\">\n\t\t\t<div class=\"icon-shape\" style=\" \">\n\t\t\t<i class=\"flaticon-team\" style=\"color: #ffffff;\"><\/i>\n\t\t<\/div>\n\t\t<\/div>\n\t<div class=\"feature-content\">\n\t\t\t\t\t<\/div>\n\t\n<\/div>\n\n[\/vc_column_inner][\/vc_row_inner][\/vc_column][\/vc_row][vc_row full_width=&#8221;stretch_row_content_no_spaces&#8221; bg_type=&#8221;image&#8221; bg_image_new=&#8221;140&#8243; el_class=&#8221;black_overlay&#8221; css=&#8221;.vc_custom_1567925916783{margin-top: 0px !important;margin-right: 0px !important;margin-bottom: 0px !important;margin-left: 0px !important;padding-top: 120px !important;padding-bottom: 120px !important;background-position: center !important;background-repeat: no-repeat !important;background-size: cover !important;}&#8221;][vc_column el_class=&#8221;fix_zindex&#8221;][vc_row_inner el_class=&#8221;container ez_boxed fix_zindex&#8221;][vc_column_inner][vc_custom_heading text=&#8221;NU TE-AM CONVINS?&#8221; font_container=&#8221;tag:h2|font_size:38px|text_align:center|color:%23ffffff|line_height:normal&#8221; use_theme_fonts=&#8221;yes&#8221;][\/vc_column_inner][\/vc_row_inner][vc_row_inner el_class=&#8221;container ez_boxed fix_zindex&#8221;][vc_column_inner][vc_custom_heading text=&#8221;Dac\u0103 ave\u021bi \u00eentreb\u0103ri, ne pute\u021bi contacta la nr. de telefon<br \/>\n+40 757 283 249, Luni &#8211; Vineri: 09.00 &#8211; 15.00&#8243; font_container=&#8221;tag:h3|font_size:24px|text_align:center|color:%23ffffff|line_height:normal&#8221; use_theme_fonts=&#8221;yes&#8221;][\/vc_column_inner][\/vc_row_inner][\/vc_column][\/vc_row][vc_row full_width=&#8221;stretch_row_content_no_spaces&#8221; css=&#8221;.vc_custom_1567942876366{margin-top: 0px !important;margin-right: 0px !important;margin-bottom: 0px !important;margin-left: 0px !important;padding-top: 60px !important;padding-bottom: 60px !important;background-color: #fcfaf7 !important;}&#8221; el_id=&#8221;solarii&#8221;][vc_column css=&#8221;.vc_custom_1567710259131{margin-top: 0px !important;margin-right: 0px !important;margin-bottom: 0px !important;margin-left: 0px !important;padding-top: 0px !important;padding-right: 0px !important;padding-bottom: 0px !important;padding-left: 0px !important;}&#8221;][vc_row_inner el_class=&#8221;container ez_boxed&#8221;][vc_column_inner][vc_custom_heading text=&#8221;Alte structuri agricole&#8221; font_container=&#8221;tag:h1|text_align:center&#8221; use_theme_fonts=&#8221;yes&#8221;][vc_custom_heading text=&#8221;Proiect\u0103m, producem \u0219i mont\u0103m orice tip de structur\u0103 pentru depozitarea agricol\u0103: materie prim\u0103, vehicule agricole, ma\u0219ini, balo\u021bi \u0219i orice alte materiale.&#8221; font_container=&#8221;tag:h3|font_size:18px|text_align:center|color:%23000000|line_height:normal&#8221; google_fonts=&#8221;font_family:Roboto%20Condensed%3A300%2C300italic%2Cregular%2Citalic%2C700%2C700italic|font_style:400%20regular%3A400%3Anormal&#8221; css=&#8221;.vc_custom_1572209508468{padding-bottom: 15px !important;}&#8221;][\/vc_column_inner][\/vc_row_inner][vc_row_inner equal_height=&#8221;yes&#8221; el_class=&#8221;container ez_boxed&#8221;][vc_column_inner]<div class=\"ezra_ja_post_widget\">\n\t<div class=\"ezra_ja_post_widget-wrapper\">\n\t\t\t\t<article class=\" wpb_column vc_column_container vc_col-sm-4 vc_col-xs-6\">\n\t\t\t<div class=\"wpb_wrapper\">\n\t\t\t<div class=\"vc_row wpb_row vc_inner vc_row-fluid\">\n\t\t\t<div class=\"wpb_column vc_column_container\">\n\t\t\t<div class=\"vc_column-inner\">\n\t\t\t<div class=\"wpb_wrapper item\">\t\t\t\t\n\t\t\t\t<img decoding=\"async\" class=\"img_bg\" src=\"https:\/\/sere-solarii.ro\/wp-content\/uploads\/2019\/10\/serre_atlantic_evoluzione_1.jpg\" \/>\n\t\t\t\t<div class=\"content_firme\">\n\t\t\t\t<a href=\"https:\/\/sere-solarii.ro\/?post_type=ts_portfolio&#038;p=272\" title=\"Ser\u0103 ATLANTIC EVOLUTION\" alt=\"Ser\u0103 ATLANTIC EVOLUTION\">\n\t\t\t\t\t<h3 class=\"heading-title entry-title\">Ser\u0103 ATLANTIC EVOLUTION<\/h3>\n\t\t\t\t\t<p>Ser\u0103 ATLANTIC EVOLUTION este un model de ser\u0103 cu laturi drepte, cu o singur\u0103 \u00eentindere, foarte avansata din punct de vedere tehnologic, cu o structur\u0103 proiectat\u0103 pentru o productie cu...<\/p>\n\t\t\t\t<\/a>\n\t\t\t\t<\/div>\n\t\t\t<\/div>\n\t\t\t<\/div>\n\t\t\t<\/div>\n\t\t\t<\/div>\n\t\t\t<\/div>\n\t\t<\/article>\n\t\t\t\t<article class=\" wpb_column vc_column_container vc_col-sm-4 vc_col-xs-6\">\n\t\t\t<div class=\"wpb_wrapper\">\n\t\t\t<div class=\"vc_row wpb_row vc_inner vc_row-fluid\">\n\t\t\t<div class=\"wpb_column vc_column_container\">\n\t\t\t<div class=\"vc_column-inner\">\n\t\t\t<div class=\"wpb_wrapper item\">\t\t\t\t\n\t\t\t\t<img decoding=\"async\" class=\"img_bg\" src=\"https:\/\/sere-solarii.ro\/wp-content\/uploads\/2019\/10\/atlanticru7.jpg\" \/>\n\t\t\t\t<div class=\"content_firme\">\n\t\t\t\t<a href=\"https:\/\/sere-solarii.ro\/?post_type=ts_portfolio&#038;p=277\" title=\"SER\u0102 ARMAT\u0102 &#8211; ATLANTIC RU\" alt=\"SER\u0102 ARMAT\u0102 &#8211; ATLANTIC RU\">\n\t\t\t\t\t<h3 class=\"heading-title entry-title\">SER\u0102 ARMAT\u0102 &#8211; ATLANTIC RU<\/h3>\n\t\t\t\t\t<p>Ser\u0103 armat\u0103 cu perete drept, cu tub rotund de \u00f8 60 mm \u0219i grosime de 2 mm, potrivit\u0103 pentru zonele cu z\u0103pad\u0103. Stilul gotic al structurii este mai accentuat pentru...<\/p>\n\t\t\t\t<\/a>\n\t\t\t\t<\/div>\n\t\t\t<\/div>\n\t\t\t<\/div>\n\t\t\t<\/div>\n\t\t\t<\/div>\n\t\t\t<\/div>\n\t\t<\/article>\n\t\t\t\t<article class=\" wpb_column vc_column_container vc_col-sm-4 vc_col-xs-6\">\n\t\t\t<div class=\"wpb_wrapper\">\n\t\t\t<div class=\"vc_row wpb_row vc_inner vc_row-fluid\">\n\t\t\t<div class=\"wpb_column vc_column_container\">\n\t\t\t<div class=\"vc_column-inner\">\n\t\t\t<div class=\"wpb_wrapper item\">\t\t\t\t\n\t\t\t\t<img decoding=\"async\" class=\"img_bg\" src=\"https:\/\/sere-solarii.ro\/wp-content\/uploads\/2019\/10\/atlantic_ts_5.jpg\" \/>\n\t\t\t\t<div class=\"content_firme\">\n\t\t\t\t<a href=\"https:\/\/sere-solarii.ro\/?post_type=ts_portfolio&#038;p=286\" title=\"SER\u0102 &#8211; ATLANTIC TS\" alt=\"SER\u0102 &#8211; ATLANTIC TS\">\n\t\t\t\t\t<h3 class=\"heading-title entry-title\">SER\u0102 &#8211; ATLANTIC TS<\/h3>\n\t\t\t\t\t<p>SER\u0102 ATLANTIC TS este o ser\u0103 proiectat\u0103 cu laturi drepte \u0219i acoperit\u0103 cu un acoperi\u0219 arcuit format din dou\u0103 semi-arcuri unite cu creasta. Acest model este unic pentru designul simplu...<\/p>\n\t\t\t\t<\/a>\n\t\t\t\t<\/div>\n\t\t\t<\/div>\n\t\t\t<\/div>\n\t\t\t<\/div>\n\t\t\t<\/div>\n\t\t\t<\/div>\n\t\t<\/article>\n\t\t\t\t\t<\/div>\n<\/div>\n\t\t[\/vc_column_inner][\/vc_row_inner][\/vc_column][\/vc_row][vc_row full_width=&#8221;stretch_row_content_no_spaces&#8221; el_id=&#8221;blog&#8221;][vc_column][vc_row_inner equal_height=&#8221;yes&#8221; el_class=&#8221;container ez_boxed&#8221;][vc_column_inner css=&#8221;.vc_custom_1568226645545{padding-top: 32px !important;padding-bottom: 32px !important;}&#8221;][vc_basic_grid post_type=&#8221;post&#8221; max_items=&#8221;-1&#8243; style=&#8221;load-more&#8221; items_per_page=&#8221;3&#8243; item=&#8221;251&#8243; btn_title=&#8221;mai multe&#8221; btn_color=&#8221;black&#8221; btn_align=&#8221;center&#8221; grid_id=&#8221;vc_gid:1643135140349-6f9bd476-f488-7&#8243; taxonomies=&#8221;1&#8243;][\/vc_column_inner][\/vc_row_inner][\/vc_column][\/vc_row]<\/p>\n","protected":false},"excerpt":{"rendered":"<p>[vc_row full_width=&#8221;stretch_row_content_no_spaces&#8221; bg_type=&#8221;video&#8221; video_url=&#8221;https:\/\/sere-solarii.ro\/wp-content\/uploads\/2019\/09\/lucchini-video-drone-home-web-2017.mp4&#8243; video_url_2=&#8221;https:\/\/sere-solarii.ro\/wp-content\/uploads\/2019\/09\/lucchini-video-drone-home-web-2017.mp4&#8243; video_opts=&#8221;loop,muted,auto_play&#8221; el_id=&#8221;description&#8221; css=&#8221;.vc_custom_1568260474099{margin-top: 0px !important;margin-right: 0px !important;margin-bottom: 0px !important;margin-left: 0px !important;padding-top: 90px !important;padding-right: 0px !important;padding-bottom: [&hellip;]<\/p>\n","protected":false},"author":2,"featured_media":0,"parent":0,"menu_order":0,"comment_status":"closed","ping_status":"closed","template":"","meta":{"_acf_changed":false,"footnotes":""},"class_list":["post-2","page","type-page","status-publish","hentry"],"acf":[],"_links":{"self":[{"href":"https:\/\/sere-solarii.ro\/index.php?rest_route=\/wp\/v2\/pages\/2","targetHints":{"allow":["GET"]}}],"collection":[{"href":"https:\/\/sere-solarii.ro\/index.php?rest_route=\/wp\/v2\/pages"}],"about":[{"href":"https:\/\/sere-solarii.ro\/index.php?rest_route=\/wp\/v2\/types\/page"}],"author":[{"embeddable":true,"href":"https:\/\/sere-solarii.ro\/index.php?rest_route=\/wp\/v2\/users\/2"}],"replies":[{"embeddable":true,"href":"https:\/\/sere-solarii.ro\/index.php?rest_route=%2Fwp%2Fv2%2Fcomments&post=2"}],"version-history":[{"count":180,"href":"https:\/\/sere-solarii.ro\/index.php?rest_route=\/wp\/v2\/pages\/2\/revisions"}],"predecessor-version":[{"id":419,"href":"https:\/\/sere-solarii.ro\/index.php?rest_route=\/wp\/v2\/pages\/2\/revisions\/419"}],"wp:attachment":[{"href":"https:\/\/sere-solarii.ro\/index.php?rest_route=%2Fwp%2Fv2%2Fmedia&parent=2"}],"curies":[{"name":"wp","href":"https:\/\/api.w.org\/{rel}","templated":true}]}}